{"id":35,"date":"2024-01-05T15:37:53","date_gmt":"2024-01-05T20:37:53","guid":{"rendered":"https:\/\/www.danielmoisan.com\/fondationcj\/?page_id=35"},"modified":"2025-06-25T11:44:27","modified_gmt":"2025-06-25T15:44:27","slug":"administration","status":"publish","type":"page","link":"https:\/\/fondationjhsl-cj.com\/?page_id=35","title":{"rendered":"ADMINISTRATION"},"content":{"rendered":"\n<p><\/p>\n\n\n\n<p>Responsable de la vision de la Fondation, le conseil d\u2019administration s\u2019assure que chaque don vers\u00e9 \u00e0 l\u2019un ou l\u2019autre des fonds g\u00e9n\u00e8re le plus d\u2019impact possible et favorise le bien-\u00eatre des r\u00e9sidentes et r\u00e9sidents des CHSLD les Jardins du Haut-St-Laurent et C\u00f4t\u00e9-Jardins.<\/p>\n\n\n\n<div class=\"wp-block-columns is-layout-flex wp-container-core-columns-is-layout-9d6595d7 wp-block-columns-is-layout-flex\">\n<div class=\"wp-block-column is-layout-flow wp-block-column-is-layout-flow\" style=\"flex-basis:100%\">\n<figure class=\"wp-block-gallery has-nested-images columns-5 is-cropped wp-block-gallery-1 is-layout-flex wp-block-gallery-is-layout-flex\">\n<figure class=\"wp-block-image size-large\"><img loading=\"lazy\" decoding=\"async\" width=\"645\" height=\"857\" data-id=\"307\" src=\"https:\/\/fondationjhsl-cj.com\/wp-content\/uploads\/2024\/01\/Capture-decran-le-2024-01-30-a-11.24.40.png\" alt=\"\" class=\"wp-image-307\" srcset=\"https:\/\/fondationjhsl-cj.com\/wp-content\/uploads\/2024\/01\/Capture-decran-le-2024-01-30-a-11.24.40.png 645w, https:\/\/fondationjhsl-cj.com\/wp-content\/uploads\/2024\/01\/Capture-decran-le-2024-01-30-a-11.24.40-226x300.png 226w\" sizes=\"auto, (max-width: 645px) 100vw, 645px\" \/><figcaption class=\"wp-element-caption\"><strong>Vivian Viviers<br>Secr\u00e9taire<\/strong><\/figcaption><\/figure>\n\n\n\n<figure class=\"wp-block-image size-large\"><img loading=\"lazy\" decoding=\"async\" width=\"648\" height=\"860\" data-id=\"311\" src=\"https:\/\/fondationjhsl-cj.com\/wp-content\/uploads\/2024\/01\/Capture-decran-le-2024-01-30-a-11.25.12.png\" alt=\"Louise Boucher\nTr\u00e9sori\u00e8re\" class=\"wp-image-311\" srcset=\"https:\/\/fondationjhsl-cj.com\/wp-content\/uploads\/2024\/01\/Capture-decran-le-2024-01-30-a-11.25.12.png 648w, https:\/\/fondationjhsl-cj.com\/wp-content\/uploads\/2024\/01\/Capture-decran-le-2024-01-30-a-11.25.12-226x300.png 226w\" sizes=\"auto, (max-width: 648px) 100vw, 648px\" \/><figcaption class=\"wp-element-caption\"><strong><mark style=\"background-color:rgba(0, 0, 0, 0)\" class=\"has-inline-color has-white-color\">Louise Boucher<br>Tr\u00e9sori\u00e8re<\/mark><\/strong><\/figcaption><\/figure>\n\n\n\n<figure class=\"wp-block-image size-large\"><img loading=\"lazy\" decoding=\"async\" width=\"511\" height=\"680\" data-id=\"317\" src=\"https:\/\/fondationjhsl-cj.com\/wp-content\/uploads\/2024\/01\/Capture-decran-le-2024-01-30-a-11.24.52-edited-1.png\" alt=\"\" class=\"wp-image-317\" srcset=\"https:\/\/fondationjhsl-cj.com\/wp-content\/uploads\/2024\/01\/Capture-decran-le-2024-01-30-a-11.24.52-edited-1.png 511w, https:\/\/fondationjhsl-cj.com\/wp-content\/uploads\/2024\/01\/Capture-decran-le-2024-01-30-a-11.24.52-edited-1-225x300.png 225w\" sizes=\"auto, (max-width: 511px) 100vw, 511px\" \/><figcaption class=\"wp-element-caption\"><strong>Manon Bouffard<br>Administratrice<\/strong><\/figcaption><\/figure>\n\n\n\n<figure class=\"wp-block-image size-large\"><img loading=\"lazy\" decoding=\"async\" width=\"647\" height=\"859\" data-id=\"310\" src=\"https:\/\/fondationjhsl-cj.com\/wp-content\/uploads\/2024\/01\/Capture-decran-le-2024-01-30-a-11.25.38.png\" alt=\"\" class=\"wp-image-310\" srcset=\"https:\/\/fondationjhsl-cj.com\/wp-content\/uploads\/2024\/01\/Capture-decran-le-2024-01-30-a-11.25.38.png 647w, https:\/\/fondationjhsl-cj.com\/wp-content\/uploads\/2024\/01\/Capture-decran-le-2024-01-30-a-11.25.38-226x300.png 226w\" sizes=\"auto, (max-width: 647px) 100vw, 647px\" \/><figcaption class=\"wp-element-caption\"><strong>Andr\u00e9e Montgrain<br>Administratric<\/strong>e<\/figcaption><\/figure>\n\n\n\n<figure class=\"wp-block-image size-large\"><img loading=\"lazy\" decoding=\"async\" width=\"577\" height=\"770\" data-id=\"319\" src=\"https:\/\/fondationjhsl-cj.com\/wp-content\/uploads\/2024\/01\/Capture-decran-le-2024-01-30-a-11.25.52-edited.png\" alt=\"\" class=\"wp-image-319\" srcset=\"https:\/\/fondationjhsl-cj.com\/wp-content\/uploads\/2024\/01\/Capture-decran-le-2024-01-30-a-11.25.52-edited.png 577w, https:\/\/fondationjhsl-cj.com\/wp-content\/uploads\/2024\/01\/Capture-decran-le-2024-01-30-a-11.25.52-edited-225x300.png 225w\" sizes=\"auto, (max-width: 577px) 100vw, 577px\" \/><figcaption class=\"wp-element-caption\"><strong>Me Andr\u00e9 Lemay<br>Administrateur<\/strong><\/figcaption><\/figure>\n<\/figure>\n<\/div>\n<\/div>\n","protected":false},"excerpt":{"rendered":"<p>Responsable de la vision de la Fondation, le conseil d\u2019administration s\u2019assure que chaque don vers\u00e9 \u00e0 l\u2019un ou l\u2019autre des fonds g\u00e9n\u00e8re le plus d\u2019impact possible et favorise le bien-\u00eatre des r\u00e9sidentes et r\u00e9sidents des CHSLD les Jardins du Haut-St-Laurent et C\u00f4t\u00e9-Jardins.<\/p>\n","protected":false},"author":1,"featured_media":0,"parent":0,"menu_order":0,"comment_status":"closed","ping_status":"closed","template":"","meta":{"footnotes":""},"class_list":["post-35","page","type-page","status-publish","hentry"],"_links":{"self":[{"href":"https:\/\/fondationjhsl-cj.com\/index.php?rest_route=\/wp\/v2\/pages\/35","targetHints":{"allow":["GET"]}}],"collection":[{"href":"https:\/\/fondationjhsl-cj.com\/index.php?rest_route=\/wp\/v2\/pages"}],"about":[{"href":"https:\/\/fondationjhsl-cj.com\/index.php?rest_route=\/wp\/v2\/types\/page"}],"author":[{"embeddable":true,"href":"https:\/\/fondationjhsl-cj.com\/index.php?rest_route=\/wp\/v2\/users\/1"}],"replies":[{"embeddable":true,"href":"https:\/\/fondationjhsl-cj.com\/index.php?rest_route=%2Fwp%2Fv2%2Fcomments&post=35"}],"version-history":[{"count":7,"href":"https:\/\/fondationjhsl-cj.com\/index.php?rest_route=\/wp\/v2\/pages\/35\/revisions"}],"predecessor-version":[{"id":431,"href":"https:\/\/fondationjhsl-cj.com\/index.php?rest_route=\/wp\/v2\/pages\/35\/revisions\/431"}],"wp:attachment":[{"href":"https:\/\/fondationjhsl-cj.com\/index.php?rest_route=%2Fwp%2Fv2%2Fmedia&parent=35"}],"curies":[{"name":"wp","href":"https:\/\/api.w.org\/{rel}","templated":true}]}}