{"id":15,"date":"2024-01-05T14:15:47","date_gmt":"2024-01-05T19:15:47","guid":{"rendered":"https:\/\/www.danielmoisan.com\/fondationcj\/?page_id=15"},"modified":"2025-09-18T14:13:57","modified_gmt":"2025-09-18T18:13:57","slug":"bienvenue","status":"publish","type":"page","link":"https:\/\/fondationjhsl-cj.com\/","title":{"rendered":"ACCUEIL"},"content":{"rendered":"\n<hr class=\"wp-block-separator has-alpha-channel-opacity\"\/>\n\n\n\n<figure class=\"wp-block-image size-large is-resized\"><img loading=\"lazy\" decoding=\"async\" width=\"1024\" height=\"616\" src=\"https:\/\/www.danielmoisan.com\/fondationcj\/wp-content\/uploads\/2024\/01\/Capture-decran-le-2024-01-15-a-11.04.31-1024x616.png\" alt=\"\" class=\"wp-image-225\" style=\"width:808px;height:auto\" srcset=\"https:\/\/fondationjhsl-cj.com\/wp-content\/uploads\/2024\/01\/Capture-decran-le-2024-01-15-a-11.04.31-1024x616.png 1024w, https:\/\/fondationjhsl-cj.com\/wp-content\/uploads\/2024\/01\/Capture-decran-le-2024-01-15-a-11.04.31-300x180.png 300w, https:\/\/fondationjhsl-cj.com\/wp-content\/uploads\/2024\/01\/Capture-decran-le-2024-01-15-a-11.04.31-768x462.png 768w, https:\/\/fondationjhsl-cj.com\/wp-content\/uploads\/2024\/01\/Capture-decran-le-2024-01-15-a-11.04.31-1140x686.png 1140w, https:\/\/fondationjhsl-cj.com\/wp-content\/uploads\/2024\/01\/Capture-decran-le-2024-01-15-a-11.04.31.png 1323w\" sizes=\"auto, (max-width: 1024px) 100vw, 1024px\" \/><\/figure>\n\n\n\n<div style=\"height:39px\" aria-hidden=\"true\" class=\"wp-block-spacer\"><\/div>\n\n\n\n<p><strong>MISSION&nbsp;:&nbsp;<\/strong><\/p>\n\n\n\n<p>Cr\u00e9\u00e9e en 2019, la <strong>Fondation Les Jardins du Haut-St-Laurent et C\u00f4t\u00e9-Jardins<\/strong> a pour mission de participer au bien-\u00eatre et \u00e0 la s\u00e9r\u00e9nit\u00e9 des personnes h\u00e9berg\u00e9es dans ces \u00e9tablissements. Constitu\u00e9e de deux fonds d\u00e9di\u00e9s (Fonds JHSL et Fonds C\u00f4t\u00e9-Jardins), la Fondation re\u00e7oit avec gratitude les dons qui lui sont confi\u00e9s. Elle est constitu\u00e9e en vertu de la Loi sur les compagnies (RLRQ, chapitre C-38), tel que d\u00e9livr\u00e9e par le Registraire des entreprises.&nbsp;<\/p>\n\n\n\n<p>Les sommes amass\u00e9es servent exclusivement \u00e0 offrir un <em><strong>Suppl\u00e9ment de Bonheur<\/strong><\/em> aux r\u00e9sidentes et r\u00e9sidents. De mani\u00e8re g\u00e9n\u00e9rale, les dons contribuent \u00e0 rendre leur s\u00e9jour plus agr\u00e9able pendant cette p\u00e9riode de leur vie, <strong><a href=\"https:\/\/fondationjhsl-cj.com\/?page_id=20#confort\" target=\"_blank\" rel=\"noreferrer noopener\">en optimisant leur confort<\/a><\/strong>, en <strong><a href=\"https:\/\/fondationjhsl-cj.com\/?page_id=20#environnement\" target=\"_blank\" rel=\"noreferrer noopener\">embellissant des espaces communs<\/a><\/strong>, en <strong><a href=\"https:\/\/fondationjhsl-cj.com\/?page_id=20#services\" target=\"_blank\" rel=\"noreferrer noopener\">offrant des services sp\u00e9cialis\u00e9s<\/a><\/strong> et en <strong><a href=\"https:\/\/fondationjhsl-cj.com\/?page_id=20#animation\" target=\"_blank\" rel=\"noreferrer noopener\">participant \u00e0 l\u2019animation de leur milieu de vie.<\/a><\/strong><a title=\"\" href=\"https:\/\/danielmoisan.com\/fondationcj\/?page_id=20#animation\" target=\"_blank\" rel=\"noopener\">&nbsp;<\/a><\/p>\n\n\n\n<p>Son financement est assur\u00e9 par divers moyens :&nbsp;<br>\u2022&nbsp; &nbsp; &nbsp; &nbsp;les Dons in Memoriam<br>\u2022&nbsp; &nbsp; &nbsp; &nbsp;les contributions philanthropiques<br>\u2022&nbsp; &nbsp; &nbsp; &nbsp;la vente de produits culinaires maison<br>\u2022&nbsp; &nbsp; &nbsp; &nbsp;les lev\u00e9es de fonds<\/p>\n","protected":false},"excerpt":{"rendered":"<p>MISSION&nbsp;:&nbsp; Cr\u00e9\u00e9e en 2019, la Fondation Les Jardins du Haut-St-Laurent et C\u00f4t\u00e9-Jardins a pour mission de participer au bien-\u00eatre et \u00e0 la s\u00e9r\u00e9nit\u00e9 des personnes h\u00e9berg\u00e9es dans ces \u00e9tablissements. Constitu\u00e9e de deux fonds d\u00e9di\u00e9s (Fonds JHSL et Fonds C\u00f4t\u00e9-Jardins), la Fondation re\u00e7oit avec gratitude les dons qui lui sont confi\u00e9s. Elle est constitu\u00e9e en vertu de la Loi sur les compagnies (RLRQ, chapitre C-38), tel que d\u00e9livr\u00e9e par le Registraire des entreprises.&nbsp; Les sommes amass\u00e9es servent exclusivement \u00e0 offrir un Suppl\u00e9ment de Bonheur aux r\u00e9sidentes et r\u00e9sidents. De mani\u00e8re g\u00e9n\u00e9rale, les dons contribuent \u00e0 rendre leur s\u00e9jour plus agr\u00e9able pendant cette p\u00e9riode de leur vie, en optimisant leur confort, en embellissant des espaces communs, en offrant des services sp\u00e9cialis\u00e9s et en participant \u00e0 l\u2019animation de leur milieu de vie.&nbsp; Son financement est assur\u00e9 par divers moyens :&nbsp;\u2022&nbsp; &nbsp; &nbsp; &nbsp;les Dons in Memoriam\u2022&nbsp; &nbsp; &nbsp; &nbsp;les contributions philanthropiques\u2022&nbsp; &nbsp; &nbsp; &nbsp;la vente de produits culinaires maison\u2022&nbsp; &nbsp; &nbsp; &nbsp;les lev\u00e9es de fonds<\/p>\n","protected":false},"author":1,"featured_media":0,"parent":0,"menu_order":0,"comment_status":"closed","ping_status":"closed","template":"","meta":{"footnotes":""},"class_list":["post-15","page","type-page","status-publish","hentry"],"_links":{"self":[{"href":"https:\/\/fondationjhsl-cj.com\/index.php?rest_route=\/wp\/v2\/pages\/15","targetHints":{"allow":["GET"]}}],"collection":[{"href":"https:\/\/fondationjhsl-cj.com\/index.php?rest_route=\/wp\/v2\/pages"}],"about":[{"href":"https:\/\/fondationjhsl-cj.com\/index.php?rest_route=\/wp\/v2\/types\/page"}],"author":[{"embeddable":true,"href":"https:\/\/fondationjhsl-cj.com\/index.php?rest_route=\/wp\/v2\/users\/1"}],"replies":[{"embeddable":true,"href":"https:\/\/fondationjhsl-cj.com\/index.php?rest_route=%2Fwp%2Fv2%2Fcomments&post=15"}],"version-history":[{"count":23,"href":"https:\/\/fondationjhsl-cj.com\/index.php?rest_route=\/wp\/v2\/pages\/15\/revisions"}],"predecessor-version":[{"id":453,"href":"https:\/\/fondationjhsl-cj.com\/index.php?rest_route=\/wp\/v2\/pages\/15\/revisions\/453"}],"wp:attachment":[{"href":"https:\/\/fondationjhsl-cj.com\/index.php?rest_route=%2Fwp%2Fv2%2Fmedia&parent=15"}],"curies":[{"name":"wp","href":"https:\/\/api.w.org\/{rel}","templated":true}]}}